{"id":1380,"date":"2022-09-09T17:50:08","date_gmt":"2020-08-25T19:45:50","guid":{"rendered":"https:\/\/tagderclubkultur.berlin\/kuratorium-2\/"},"modified":"2022-09-12T13:29:40","modified_gmt":"2022-09-12T13:29:40","slug":"partner","status":"publish","type":"page","link":"https:\/\/2022.tagderclubkultur.berlin\/en\/partner\/","title":{"rendered":"Partners"},"content":{"rendered":"","protected":false},"excerpt":{"rendered":"","protected":false},"author":1,"featured_media":0,"parent":0,"menu_order":6,"comment_status":"closed","ping_status":"closed","template":"","meta":{"inline_featured_image":false},"class_list":["post-1380","page","type-page","status-publish","hentry"],"yoast_head":"<!-- This site is optimized with the Yoast SEO plugin v27.2 - https:\/\/yoast.com\/product\/yoast-seo-wordpress\/ -->\n<title>Partner - TAG DER CLUBKULTUR<\/title>\n<meta name=\"robots\" content=\"index, follow, max-snippet:-1, max-image-preview:large, max-video-preview:-1\" \/>\n<link rel=\"canonical\" href=\"https:\/\/2022.tagderclubkultur.berlin\/en\/partner\/\" \/>\n<meta property=\"og:locale\" content=\"de_DE\" \/>\n<meta property=\"og:type\" content=\"article\" \/>\n<meta property=\"og:title\" content=\"Partner - TAG DER CLUBKULTUR\" \/>\n<meta property=\"og:url\" content=\"https:\/\/2022.tagderclubkultur.berlin\/en\/partner\/\" \/>\n<meta property=\"og:site_name\" content=\"TAG DER CLUBKULTUR\" \/>\n<meta property=\"article:modified_time\" content=\"2022-09-12T13:29:40+00:00\" \/>\n<meta name=\"twitter:card\" content=\"summary_large_image\" \/>\n<script type=\"application\/ld+json\" class=\"yoast-schema-graph\">{\"@context\":\"https:\/\/schema.org\",\"@graph\":[{\"@type\":\"WebPage\",\"@id\":\"https:\/\/2022.tagderclubkultur.berlin\/en\/partner\/\",\"url\":\"https:\/\/2022.tagderclubkultur.berlin\/en\/partner\/\",\"name\":\"Partner - TAG DER CLUBKULTUR\",\"isPartOf\":{\"@id\":\"https:\/\/2022.tagderclubkultur.berlin\/en\/#website\"},\"datePublished\":\"2020-08-25T19:45:50+00:00\",\"dateModified\":\"2022-09-12T13:29:40+00:00\",\"breadcrumb\":{\"@id\":\"https:\/\/2022.tagderclubkultur.berlin\/en\/partner\/#breadcrumb\"},\"inLanguage\":\"de\",\"potentialAction\":[{\"@type\":\"ReadAction\",\"target\":[\"https:\/\/2022.tagderclubkultur.berlin\/en\/partner\/\"]}]},{\"@type\":\"BreadcrumbList\",\"@id\":\"https:\/\/2022.tagderclubkultur.berlin\/en\/partner\/#breadcrumb\",\"itemListElement\":[{\"@type\":\"ListItem\",\"position\":1,\"name\":\"Home\",\"item\":\"http:\/\/2022.tagderclubkultur.berlin\/\"},{\"@type\":\"ListItem\",\"position\":2,\"name\":\"Partner\"}]},{\"@type\":\"WebSite\",\"@id\":\"https:\/\/2022.tagderclubkultur.berlin\/en\/#website\",\"url\":\"https:\/\/2022.tagderclubkultur.berlin\/en\/\",\"name\":\"TAG DER CLUBKULTUR\",\"description\":\"\",\"potentialAction\":[{\"@type\":\"SearchAction\",\"target\":{\"@type\":\"EntryPoint\",\"urlTemplate\":\"https:\/\/2022.tagderclubkultur.berlin\/en\/?s={search_term_string}\"},\"query-input\":{\"@type\":\"PropertyValueSpecification\",\"valueRequired\":true,\"valueName\":\"search_term_string\"}}],\"inLanguage\":\"de\"}]}<\/script>\n<!-- \/ Yoast SEO plugin. -->","yoast_head_json":{"title":"Partner - TAG DER CLUBKULTUR","robots":{"index":"index","follow":"follow","max-snippet":"max-snippet:-1","max-image-preview":"max-image-preview:large","max-video-preview":"max-video-preview:-1"},"canonical":"https:\/\/2022.tagderclubkultur.berlin\/en\/partner\/","og_locale":"de_DE","og_type":"article","og_title":"Partner - TAG DER CLUBKULTUR","og_url":"https:\/\/2022.tagderclubkultur.berlin\/en\/partner\/","og_site_name":"TAG DER CLUBKULTUR","article_modified_time":"2022-09-12T13:29:40+00:00","twitter_card":"summary_large_image","schema":{"@context":"https:\/\/schema.org","@graph":[{"@type":"WebPage","@id":"https:\/\/2022.tagderclubkultur.berlin\/en\/partner\/","url":"https:\/\/2022.tagderclubkultur.berlin\/en\/partner\/","name":"Partner - TAG DER CLUBKULTUR","isPartOf":{"@id":"https:\/\/2022.tagderclubkultur.berlin\/en\/#website"},"datePublished":"2020-08-25T19:45:50+00:00","dateModified":"2022-09-12T13:29:40+00:00","breadcrumb":{"@id":"https:\/\/2022.tagderclubkultur.berlin\/en\/partner\/#breadcrumb"},"inLanguage":"de","potentialAction":[{"@type":"ReadAction","target":["https:\/\/2022.tagderclubkultur.berlin\/en\/partner\/"]}]},{"@type":"BreadcrumbList","@id":"https:\/\/2022.tagderclubkultur.berlin\/en\/partner\/#breadcrumb","itemListElement":[{"@type":"ListItem","position":1,"name":"Home","item":"http:\/\/2022.tagderclubkultur.berlin\/"},{"@type":"ListItem","position":2,"name":"Partner"}]},{"@type":"WebSite","@id":"https:\/\/2022.tagderclubkultur.berlin\/en\/#website","url":"https:\/\/2022.tagderclubkultur.berlin\/en\/","name":"TAG DER CLUBKULTUR","description":"","potentialAction":[{"@type":"SearchAction","target":{"@type":"EntryPoint","urlTemplate":"https:\/\/2022.tagderclubkultur.berlin\/en\/?s={search_term_string}"},"query-input":{"@type":"PropertyValueSpecification","valueRequired":true,"valueName":"search_term_string"}}],"inLanguage":"de"}]}},"grid":"{\r\n  \"colCount\": 10,\r\n  \"colGutter\": 1,\r\n  \"rowGutters\": [\r\n    5,\r\n    5,\r\n    5,\r\n    5,\r\n    5,\r\n    5,\r\n    5,\r\n    5,\r\n    5\r\n  ],\r\n  \"frameMargin\": 1,\r\n  \"topFrameMargin\": 200,\r\n  \"bottomFrameMargin\": 5,\r\n  \"rowAttrs\": [\r\n    {},\r\n    {},\r\n    {},\r\n    {},\r\n    {},\r\n    {},\r\n    {},\r\n    {},\r\n    {},\r\n    {}\r\n  ],\r\n  \"bgColor\": null,\r\n  \"cont\": [\r\n    {\r\n      \"type\": \"text\",\r\n      \"cont\": \"<p class=\\\"_BIG\\\">Partner<\/p>\",\r\n      \"align\": \"top\",\r\n      \"row\": 0,\r\n      \"col\": 0,\r\n      \"colspan\": 5,\r\n      \"offsetx\": 0,\r\n      \"offsety\": 0,\r\n      \"spaceabove\": 0,\r\n      \"spacebelow\": 0,\r\n      \"yvel\": 1,\r\n      \"push\": 0,\r\n      \"relid\": 13\r\n    },\r\n    {\r\n      \"type\": \"text\",\r\n      \"cont\": \"<p class=\\\"_Mono\\\">Ohne unsere Partner, mit denen uns eine lange und vertrauensvolle Zusammenarbeit verbindet, w\u00e4re die Preisverleihung anl\u00e4sslich des TAGES DER CLUBKULTUR 2022 am 13. September in dieser Form nicht m\u00f6glich. Wir m\u00f6chten uns insbesondere bedanken bei:\u00a0<\/p>\",\r\n      \"align\": \"top\",\r\n      \"row\": 1,\r\n      \"col\": 0,\r\n      \"colspan\": 5,\r\n      \"offsetx\": 0,\r\n      \"offsety\": 0,\r\n      \"spaceabove\": 0,\r\n      \"spacebelow\": 0,\r\n      \"yvel\": 1,\r\n      \"push\": 0,\r\n      \"relid\": 10\r\n    },\r\n    {\r\n      \"type\": \"stack\",\r\n      \"cont\": [\r\n        {\r\n          \"type\": \"img\",\r\n          \"cont\": \"\/wp-content\/uploads\/sites\/20\/2022\/09\/Sparkasse-Logo.jpg\",\r\n          \"align\": \"top\",\r\n          \"row\": -1,\r\n          \"col\": 0,\r\n          \"colspan\": 5,\r\n          \"offsetx\": 0,\r\n          \"offsety\": 0,\r\n          \"spaceabove\": 0,\r\n          \"spacebelow\": 0,\r\n          \"yvel\": 1,\r\n          \"push\": 0,\r\n          \"relid\": 150,\r\n          \"attid\": 1388,\r\n          \"sizes\": {\r\n            \"full\": \"\/wp-content\/uploads\/sites\/20\/2022\/09\/Sparkasse-Logo.jpg\",\r\n            \"_512\": \"\/wp-content\/uploads\/sites\/20\/2022\/09\/Sparkasse-Logo-512x299.jpg\",\r\n            \"_265\": \"\/wp-content\/uploads\/sites\/20\/2022\/09\/Sparkasse-Logo-265x155.jpg\"\r\n          },\r\n          \"w\": 640,\r\n          \"h\": 374,\r\n          \"ar\": 0.584375,\r\n          \"alt\": \"\"\r\n        }\r\n      ],\r\n      \"align\": \"top\",\r\n      \"row\": 2,\r\n      \"col\": 0,\r\n      \"colspan\": 5,\r\n      \"offsetx\": 0,\r\n      \"offsety\": 0,\r\n      \"spaceabove\": 0,\r\n      \"spacebelow\": 0,\r\n      \"yvel\": 1,\r\n      \"push\": 0,\r\n      \"relid\": 9\r\n    },\r\n    {\r\n      \"type\": \"stack\",\r\n      \"cont\": [\r\n        {\r\n          \"type\": \"img\",\r\n          \"cont\": \"\/wp-content\/uploads\/sites\/20\/2022\/09\/BRLO-Logo.jpeg\",\r\n          \"align\": \"top\",\r\n          \"row\": -1,\r\n          \"col\": 0,\r\n          \"colspan\": 5,\r\n          \"offsetx\": 0,\r\n          \"offsety\": 0,\r\n          \"spaceabove\": 0,\r\n          \"spacebelow\": 0,\r\n          \"yvel\": 1,\r\n          \"push\": 0,\r\n          \"relid\": 1413,\r\n          \"attid\": 1383,\r\n          \"sizes\": {\r\n            \"full\": \"\/wp-content\/uploads\/sites\/20\/2022\/09\/BRLO-Logo.jpeg\",\r\n            \"_512\": \"\/wp-content\/uploads\/sites\/20\/2022\/09\/BRLO-Logo-512x299.jpeg\",\r\n            \"_265\": \"\/wp-content\/uploads\/sites\/20\/2022\/09\/BRLO-Logo-265x155.jpeg\"\r\n          },\r\n          \"w\": 640,\r\n          \"h\": 374,\r\n          \"ar\": 0.584375,\r\n          \"alt\": \"\"\r\n        }\r\n      ],\r\n      \"align\": \"top\",\r\n      \"row\": 2,\r\n      \"col\": 5,\r\n      \"colspan\": 5,\r\n      \"offsetx\": 0,\r\n      \"offsety\": 0,\r\n      \"spaceabove\": 0,\r\n      \"spacebelow\": 0,\r\n      \"yvel\": 1,\r\n      \"push\": 0,\r\n      \"relid\": 24\r\n    },\r\n    {\r\n      \"type\": \"text\",\r\n      \"cont\": \"<p class=\\\"_Default\\\"><a href=\\\"https:\/\/www.berliner-sparkasse.de\/de\/home.html\\\">Berliner Sparkasse<\/a><\/p>\",\r\n      \"align\": \"top\",\r\n      \"row\": 3,\r\n      \"col\": 0,\r\n      \"colspan\": 5,\r\n      \"offsetx\": 0,\r\n      \"offsety\": 0,\r\n      \"spaceabove\": 0,\r\n      \"spacebelow\": 0,\r\n      \"yvel\": 1,\r\n      \"push\": 0,\r\n      \"relid\": 30,\r\n      \"frameOverflow\": \"\"\r\n    },\r\n    {\r\n      \"type\": \"text\",\r\n      \"cont\": \"<p class=\\\"_Default\\\"><a href=\\\"https:\/\/www.brlo.de\/\\\">BRLO<\/a><\/p>\",\r\n      \"align\": \"top\",\r\n      \"row\": 3,\r\n      \"col\": 5,\r\n      \"colspan\": 5,\r\n      \"offsetx\": 0,\r\n      \"offsety\": 0,\r\n      \"spaceabove\": 0,\r\n      \"spacebelow\": 0,\r\n      \"yvel\": 1,\r\n      \"push\": 0,\r\n      \"relid\": 31,\r\n      \"frameOverflow\": \"\"\r\n    },\r\n    {\r\n      \"type\": \"stack\",\r\n      \"cont\": [\r\n        {\r\n          \"type\": \"img\",\r\n          \"cont\": \"\/wp-content\/uploads\/sites\/20\/2022\/09\/BRLO-Logo.jpg\",\r\n          \"align\": \"top\",\r\n          \"row\": -1,\r\n          \"col\": 0,\r\n          \"colspan\": 5,\r\n          \"offsetx\": 0,\r\n          \"offsety\": 0,\r\n          \"spaceabove\": 0,\r\n          \"spacebelow\": 0,\r\n          \"yvel\": 1,\r\n          \"push\": 0,\r\n          \"relid\": 945,\r\n          \"attid\": 1385,\r\n          \"sizes\": {\r\n            \"full\": \"\/wp-content\/uploads\/sites\/20\/2022\/09\/BRLO-Logo.jpg\",\r\n            \"_512\": \"\/wp-content\/uploads\/sites\/20\/2022\/09\/BRLO-Logo-512x299.jpg\",\r\n            \"_265\": \"\/wp-content\/uploads\/sites\/20\/2022\/09\/BRLO-Logo-265x155.jpg\"\r\n          },\r\n          \"w\": 640,\r\n          \"h\": 374,\r\n          \"ar\": 0.584375,\r\n          \"alt\": \"\"\r\n        }\r\n      ],\r\n      \"align\": \"top\",\r\n      \"row\": 4,\r\n      \"col\": 0,\r\n      \"colspan\": 5,\r\n      \"offsetx\": 0,\r\n      \"offsety\": 0,\r\n      \"spaceabove\": 0,\r\n      \"spacebelow\": 0,\r\n      \"yvel\": 1,\r\n      \"push\": 0,\r\n      \"relid\": 26\r\n    },\r\n    {\r\n      \"type\": \"stack\",\r\n      \"cont\": [\r\n        {\r\n          \"type\": \"img\",\r\n          \"cont\": \"\/wp-content\/uploads\/sites\/20\/2022\/09\/Naturstrom-Logo.jpg\",\r\n          \"align\": \"top\",\r\n          \"row\": -1,\r\n          \"col\": 0,\r\n          \"colspan\": 5,\r\n          \"offsetx\": 0,\r\n          \"offsety\": 0,\r\n          \"spaceabove\": 0,\r\n          \"spacebelow\": 0,\r\n          \"yvel\": 1,\r\n          \"push\": 0,\r\n          \"relid\": 1173,\r\n          \"attid\": 1387,\r\n          \"sizes\": {\r\n            \"full\": \"\/wp-content\/uploads\/sites\/20\/2022\/09\/Naturstrom-Logo.jpg\",\r\n            \"_512\": \"\/wp-content\/uploads\/sites\/20\/2022\/09\/Naturstrom-Logo-512x299.jpg\",\r\n            \"_265\": \"\/wp-content\/uploads\/sites\/20\/2022\/09\/Naturstrom-Logo-265x155.jpg\"\r\n          },\r\n          \"w\": 640,\r\n          \"h\": 374,\r\n          \"ar\": 0.584375,\r\n          \"alt\": \"\"\r\n        }\r\n      ],\r\n      \"align\": \"top\",\r\n      \"row\": 4,\r\n      \"col\": 5,\r\n      \"colspan\": 5,\r\n      \"offsetx\": 0,\r\n      \"offsety\": 0,\r\n      \"spaceabove\": 0,\r\n      \"spacebelow\": 0,\r\n      \"yvel\": 1,\r\n      \"push\": 0,\r\n      \"relid\": 27\r\n    },\r\n    {\r\n      \"type\": \"text\",\r\n      \"cont\": \"<p class=\\\"_Default\\\"><a href=\\\"https:\/\/charitea.com\/\\\">Lemonaid &amp; ChariTea<\/a><\/p>\",\r\n      \"align\": \"top\",\r\n      \"row\": 5,\r\n      \"col\": 0,\r\n      \"colspan\": 5,\r\n      \"offsetx\": 0,\r\n      \"offsety\": 0,\r\n      \"spaceabove\": 0,\r\n      \"spacebelow\": 0,\r\n      \"yvel\": 1,\r\n      \"push\": 0,\r\n      \"relid\": 28\r\n    },\r\n    {\r\n      \"type\": \"text\",\r\n      \"cont\": \"<p><a href=\\\"https:\/\/www.naturstrom.de\/\\\">Naturstrom<\/a><\/p>\",\r\n      \"align\": \"top\",\r\n      \"row\": 5,\r\n      \"col\": 5,\r\n      \"colspan\": 5,\r\n      \"offsetx\": 0,\r\n      \"offsety\": 0,\r\n      \"spaceabove\": 0,\r\n      \"spacebelow\": 0,\r\n      \"yvel\": 1,\r\n      \"push\": 0,\r\n      \"relid\": 29,\r\n      \"frameOverflow\": \"\"\r\n    },\r\n    {\r\n      \"type\": \"stack\",\r\n      \"cont\": [\r\n        {\r\n          \"type\": \"img\",\r\n          \"cont\": \"\/wp-content\/uploads\/sites\/20\/2022\/09\/Preussenquelle-Logo.jpg\",\r\n          \"align\": \"middle\",\r\n          \"row\": -1,\r\n          \"col\": 0,\r\n          \"colspan\": 5,\r\n          \"offsetx\": 0,\r\n          \"offsety\": 0,\r\n          \"spaceabove\": 0,\r\n          \"spacebelow\": 0,\r\n          \"yvel\": 1,\r\n          \"push\": 0,\r\n          \"relid\": 2633,\r\n          \"attid\": 1390,\r\n          \"sizes\": {\r\n            \"full\": \"\/wp-content\/uploads\/sites\/20\/2022\/09\/Preussenquelle-Logo.jpg\",\r\n            \"_512\": \"\/wp-content\/uploads\/sites\/20\/2022\/09\/Preussenquelle-Logo-512x299.jpg\",\r\n            \"_265\": \"\/wp-content\/uploads\/sites\/20\/2022\/09\/Preussenquelle-Logo-265x155.jpg\"\r\n          },\r\n          \"w\": 640,\r\n          \"h\": 374,\r\n          \"ar\": 0.584375,\r\n          \"alt\": \"\"\r\n        }\r\n      ],\r\n      \"align\": \"middle\",\r\n      \"row\": 6,\r\n      \"col\": 0,\r\n      \"colspan\": 5,\r\n      \"offsetx\": 0,\r\n      \"offsety\": 0,\r\n      \"spaceabove\": 0,\r\n      \"spacebelow\": 0,\r\n      \"yvel\": 1,\r\n      \"push\": 0,\r\n      \"relid\": 32\r\n    },\r\n    {\r\n      \"type\": \"img\",\r\n      \"cont\": \"\/wp-content\/uploads\/sites\/20\/2022\/09\/savethenight-Logo.jpg\",\r\n      \"align\": \"top\",\r\n      \"row\": 6,\r\n      \"col\": 5,\r\n      \"colspan\": 5,\r\n      \"offsetx\": 0,\r\n      \"offsety\": 0,\r\n      \"spaceabove\": 0,\r\n      \"spacebelow\": 0,\r\n      \"yvel\": 1,\r\n      \"push\": 0,\r\n      \"relid\": 1326,\r\n      \"attid\": 1391,\r\n      \"sizes\": {\r\n        \"full\": \"\/wp-content\/uploads\/sites\/20\/2022\/09\/savethenight-Logo.jpg\",\r\n        \"_512\": \"\/wp-content\/uploads\/sites\/20\/2022\/09\/savethenight-Logo-512x299.jpg\",\r\n        \"_265\": \"\/wp-content\/uploads\/sites\/20\/2022\/09\/savethenight-Logo-265x155.jpg\"\r\n      },\r\n      \"w\": 640,\r\n      \"h\": 374,\r\n      \"ar\": 0.584375,\r\n      \"alt\": \"\"\r\n    },\r\n    {\r\n      \"type\": \"text\",\r\n      \"cont\": \"<p class=\\\"_Default\\\"><a href=\\\"https:\/\/www.preussenquelle.de\/\\\">Preussenquelle<\/a><\/p>\",\r\n      \"align\": \"top\",\r\n      \"row\": 7,\r\n      \"col\": 0,\r\n      \"colspan\": 5,\r\n      \"offsetx\": 0,\r\n      \"offsety\": 0,\r\n      \"spaceabove\": 0,\r\n      \"spacebelow\": 0,\r\n      \"yvel\": 1,\r\n      \"push\": 0,\r\n      \"relid\": 23,\r\n      \"frameOverflow\": \"\"\r\n    },\r\n    {\r\n      \"type\": \"text\",\r\n      \"cont\": \"<p><a href=\\\"https:\/\/save-the-night.com\/\\\">#savethenight<\/a><\/p>\",\r\n      \"align\": \"top\",\r\n      \"row\": 7,\r\n      \"col\": 5,\r\n      \"colspan\": 5,\r\n      \"offsetx\": 0,\r\n      \"offsety\": 0,\r\n      \"spaceabove\": 0,\r\n      \"spacebelow\": 0,\r\n      \"yvel\": 1,\r\n      \"push\": 0,\r\n      \"relid\": 1327,\r\n      \"frameOverflow\": \"\"\r\n    },\r\n    {\r\n      \"type\": \"img\",\r\n      \"cont\": \"\/wp-content\/uploads\/sites\/20\/2022\/09\/sekko-soziale-Logo-Kopie.jpg\",\r\n      \"align\": \"top\",\r\n      \"row\": 8,\r\n      \"col\": 0,\r\n      \"colspan\": 5,\r\n      \"offsetx\": 0,\r\n      \"offsety\": 0,\r\n      \"spaceabove\": 0,\r\n      \"spacebelow\": 0,\r\n      \"yvel\": 1,\r\n      \"push\": 0,\r\n      \"relid\": 423,\r\n      \"attid\": 1392,\r\n      \"sizes\": {\r\n        \"full\": \"\/wp-content\/uploads\/sites\/20\/2022\/09\/sekko-soziale-Logo-Kopie.jpg\",\r\n        \"_512\": \"\/wp-content\/uploads\/sites\/20\/2022\/09\/sekko-soziale-Logo-Kopie-512x299.jpg\",\r\n        \"_265\": \"\/wp-content\/uploads\/sites\/20\/2022\/09\/sekko-soziale-Logo-Kopie-265x155.jpg\"\r\n      },\r\n      \"w\": 640,\r\n      \"h\": 374,\r\n      \"ar\": 0.584375,\r\n      \"alt\": \"\"\r\n    },\r\n    {\r\n      \"type\": \"text\",\r\n      \"cont\": \"<p class=\\\"_Default\\\"><a href=\\\"https:\/\/sekkosoziale.de\/\\\">Sekko Soziale<\/a><\/p>\",\r\n      \"align\": \"top\",\r\n      \"row\": 9,\r\n      \"col\": 0,\r\n      \"colspan\": 5,\r\n      \"offsetx\": 0,\r\n      \"offsety\": 0,\r\n      \"spaceabove\": 0,\r\n      \"spacebelow\": 0,\r\n      \"yvel\": 1,\r\n      \"push\": 0,\r\n      \"relid\": 424,\r\n      \"frameOverflow\": \"\"\r\n    }\r\n  ]\r\n}","phonegrid":"","_links":{"self":[{"href":"https:\/\/2022.tagderclubkultur.berlin\/en\/wp-json\/wp\/v2\/pages\/1380","targetHints":{"allow":["GET"]}}],"collection":[{"href":"https:\/\/2022.tagderclubkultur.berlin\/en\/wp-json\/wp\/v2\/pages"}],"about":[{"href":"https:\/\/2022.tagderclubkultur.berlin\/en\/wp-json\/wp\/v2\/types\/page"}],"author":[{"embeddable":true,"href":"https:\/\/2022.tagderclubkultur.berlin\/en\/wp-json\/wp\/v2\/users\/1"}],"replies":[{"embeddable":true,"href":"https:\/\/2022.tagderclubkultur.berlin\/en\/wp-json\/wp\/v2\/comments?post=1380"}],"version-history":[{"count":0,"href":"https:\/\/2022.tagderclubkultur.berlin\/en\/wp-json\/wp\/v2\/pages\/1380\/revisions"}],"wp:attachment":[{"href":"https:\/\/2022.tagderclubkultur.berlin\/en\/wp-json\/wp\/v2\/media?parent=1380"}],"curies":[{"name":"wp","href":"https:\/\/api.w.org\/{rel}","templated":true}]}}