{"id":2059,"date":"2022-09-22T10:15:42","date_gmt":"2020-08-25T19:45:50","guid":{"rendered":"https:\/\/tagderclubkultur.berlin\/preisverleihung-2\/"},"modified":"2022-09-23T12:44:35","modified_gmt":"2022-09-23T12:44:35","slug":"brunch","status":"publish","type":"page","link":"https:\/\/2022.tagderclubkultur.berlin\/en\/brunch\/","title":{"rendered":"Clubcommission Brunch"},"content":{"rendered":"","protected":false},"excerpt":{"rendered":"","protected":false},"author":1,"featured_media":0,"parent":0,"menu_order":4,"comment_status":"closed","ping_status":"closed","template":"","meta":{"inline_featured_image":false},"class_list":["post-2059","page","type-page","status-publish","hentry"],"yoast_head":"<!-- This site is optimized with the Yoast SEO plugin v27.4 - https:\/\/yoast.com\/product\/yoast-seo-wordpress\/ -->\n<title>Clubcommission Brunch - TAG DER CLUBKULTUR<\/title>\n<meta name=\"robots\" content=\"index, follow, max-snippet:-1, max-image-preview:large, max-video-preview:-1\" \/>\n<link rel=\"canonical\" href=\"https:\/\/2022.tagderclubkultur.berlin\/en\/brunch\/\" \/>\n<meta property=\"og:locale\" content=\"de_DE\" \/>\n<meta property=\"og:type\" content=\"article\" \/>\n<meta property=\"og:title\" content=\"Clubcommission Brunch - TAG DER CLUBKULTUR\" \/>\n<meta property=\"og:url\" content=\"https:\/\/2022.tagderclubkultur.berlin\/en\/brunch\/\" \/>\n<meta property=\"og:site_name\" content=\"TAG DER CLUBKULTUR\" \/>\n<meta property=\"article:modified_time\" content=\"2022-09-23T12:44:35+00:00\" \/>\n<meta property=\"og:image\" content=\"https:\/\/2022.tagderclubkultur.berlin\/wp-content\/uploads\/sites\/20\/2021\/07\/210621_TDC_Banner_3-2.jpg\" \/>\n\t<meta property=\"og:image:width\" content=\"1200\" \/>\n\t<meta property=\"og:image:height\" content=\"675\" \/>\n\t<meta property=\"og:image:type\" content=\"image\/jpeg\" \/>\n<meta name=\"twitter:card\" content=\"summary_large_image\" \/>\n<script type=\"application\/ld+json\" class=\"yoast-schema-graph\">{\"@context\":\"https:\\\/\\\/schema.org\",\"@graph\":[{\"@type\":\"WebPage\",\"@id\":\"https:\\\/\\\/2022.tagderclubkultur.berlin\\\/en\\\/brunch\\\/\",\"url\":\"https:\\\/\\\/2022.tagderclubkultur.berlin\\\/en\\\/brunch\\\/\",\"name\":\"Clubcommission Brunch - TAG DER CLUBKULTUR\",\"isPartOf\":{\"@id\":\"https:\\\/\\\/2022.tagderclubkultur.berlin\\\/#website\"},\"datePublished\":\"2020-08-25T19:45:50+00:00\",\"dateModified\":\"2022-09-23T12:44:35+00:00\",\"breadcrumb\":{\"@id\":\"https:\\\/\\\/2022.tagderclubkultur.berlin\\\/en\\\/brunch\\\/#breadcrumb\"},\"inLanguage\":\"de\",\"potentialAction\":[{\"@type\":\"ReadAction\",\"target\":[\"https:\\\/\\\/2022.tagderclubkultur.berlin\\\/en\\\/brunch\\\/\"]}]},{\"@type\":\"BreadcrumbList\",\"@id\":\"https:\\\/\\\/2022.tagderclubkultur.berlin\\\/en\\\/brunch\\\/#breadcrumb\",\"itemListElement\":[{\"@type\":\"ListItem\",\"position\":1,\"name\":\"Home\",\"item\":\"https:\\\/\\\/2022.tagderclubkultur.berlin\\\/\"},{\"@type\":\"ListItem\",\"position\":2,\"name\":\"Clubcommission Brunch\"}]},{\"@type\":\"WebSite\",\"@id\":\"https:\\\/\\\/2022.tagderclubkultur.berlin\\\/#website\",\"url\":\"https:\\\/\\\/2022.tagderclubkultur.berlin\\\/\",\"name\":\"TAG DER CLUBKULTUR\",\"description\":\"\",\"potentialAction\":[{\"@type\":\"SearchAction\",\"target\":{\"@type\":\"EntryPoint\",\"urlTemplate\":\"https:\\\/\\\/2022.tagderclubkultur.berlin\\\/?s={search_term_string}\"},\"query-input\":{\"@type\":\"PropertyValueSpecification\",\"valueRequired\":true,\"valueName\":\"search_term_string\"}}],\"inLanguage\":\"de\"}]}<\/script>\n<!-- \/ Yoast SEO plugin. -->","yoast_head_json":{"title":"Clubcommission Brunch - TAG DER CLUBKULTUR","robots":{"index":"index","follow":"follow","max-snippet":"max-snippet:-1","max-image-preview":"max-image-preview:large","max-video-preview":"max-video-preview:-1"},"canonical":"https:\/\/2022.tagderclubkultur.berlin\/en\/brunch\/","og_locale":"de_DE","og_type":"article","og_title":"Clubcommission Brunch - TAG DER CLUBKULTUR","og_url":"https:\/\/2022.tagderclubkultur.berlin\/en\/brunch\/","og_site_name":"TAG DER CLUBKULTUR","article_modified_time":"2022-09-23T12:44:35+00:00","og_image":[{"width":1200,"height":675,"url":"https:\/\/2022.tagderclubkultur.berlin\/wp-content\/uploads\/sites\/20\/2021\/07\/210621_TDC_Banner_3-2.jpg","type":"image\/jpeg"}],"twitter_card":"summary_large_image","schema":{"@context":"https:\/\/schema.org","@graph":[{"@type":"WebPage","@id":"https:\/\/2022.tagderclubkultur.berlin\/en\/brunch\/","url":"https:\/\/2022.tagderclubkultur.berlin\/en\/brunch\/","name":"Clubcommission Brunch - TAG DER CLUBKULTUR","isPartOf":{"@id":"https:\/\/2022.tagderclubkultur.berlin\/#website"},"datePublished":"2020-08-25T19:45:50+00:00","dateModified":"2022-09-23T12:44:35+00:00","breadcrumb":{"@id":"https:\/\/2022.tagderclubkultur.berlin\/en\/brunch\/#breadcrumb"},"inLanguage":"de","potentialAction":[{"@type":"ReadAction","target":["https:\/\/2022.tagderclubkultur.berlin\/en\/brunch\/"]}]},{"@type":"BreadcrumbList","@id":"https:\/\/2022.tagderclubkultur.berlin\/en\/brunch\/#breadcrumb","itemListElement":[{"@type":"ListItem","position":1,"name":"Home","item":"https:\/\/2022.tagderclubkultur.berlin\/"},{"@type":"ListItem","position":2,"name":"Clubcommission Brunch"}]},{"@type":"WebSite","@id":"https:\/\/2022.tagderclubkultur.berlin\/#website","url":"https:\/\/2022.tagderclubkultur.berlin\/","name":"TAG DER CLUBKULTUR","description":"","potentialAction":[{"@type":"SearchAction","target":{"@type":"EntryPoint","urlTemplate":"https:\/\/2022.tagderclubkultur.berlin\/?s={search_term_string}"},"query-input":{"@type":"PropertyValueSpecification","valueRequired":true,"valueName":"search_term_string"}}],"inLanguage":"de"}]}},"grid":"{\r\n  \"colCount\": 10,\r\n  \"colGutter\": 1,\r\n  \"rowGutters\": [\r\n    5\r\n  ],\r\n  \"frameMargin\": 1,\r\n  \"topFrameMargin\": 200,\r\n  \"bottomFrameMargin\": 5,\r\n  \"rowAttrs\": [\r\n    {},\r\n    {}\r\n  ],\r\n  \"bgColor\": null,\r\n  \"cont\": [\r\n    {\r\n      \"type\": \"text\",\r\n      \"cont\": \"<p class=\\\"_BIG\\\"><span style=\\\"color: #ffffff;\\\">ANMELDUNG<\/span><\/p>\",\r\n      \"align\": \"top\",\r\n      \"row\": 0,\r\n      \"col\": 0,\r\n      \"colspan\": 5,\r\n      \"offsetx\": 0,\r\n      \"offsety\": 0,\r\n      \"spaceabove\": 0,\r\n      \"spacebelow\": 0,\r\n      \"yvel\": 1,\r\n      \"push\": 0,\r\n      \"relid\": 4\r\n    },\r\n    {\r\n      \"type\": \"text\",\r\n      \"cont\": \"<p class=\\\"_Mono\\\"><span style=\\\"font-weight: 400;\\\">TAG DER CLUBKULTUR Brunch<\/span><\/p><p class=\\\"_Mono\\\"><span style=\\\"font-weight: 400;\\\">Zenner Berlin<\/span><\/p><p class=\\\"_Mono\\\">Alt-Treptow 15, 12435 Berlin<\/p><p class=\\\"_Mono\\\"><span style=\\\"font-weight: 400;\\\"><br \/><\/span><span style=\\\"letter-spacing: 0em; text-indent: 0em;\\\">03. Oktober 2022<\/span><\/p><p class=\\\"_Mono\\\">Ab 13 Uhr<\/p><p class=\\\"_Mono\\\">\u00a0<\/p><p class=\\\"_Mono\\\"><span style=\\\"font-weight: 400;\\\">Wir laden dich recht herzlich zum Clubcommission Brunch anl\u00e4sslich des TAGES DER CLUBKULTUR in den Zenner Berlin ein. Bitte f\u00fclle das Formular aus, um dich anzumelden. Vielen Dank!\u00a0<\/span><\/p><p class=\\\"_Mono\\\">\u00a0<\/p><p class=\\\"_Mono\\\">Der Zugang zum Zenner erfolgt \u00fcber eine Treppe und ist daher nicht barrierefrei. Sollte dies f\u00fcr dich nicht m\u00f6glich sein, melde dich bitte bei uns und wir werden versuchen, eine L\u00f6sung zu finden: info@tagderclubkultur.berlin<\/p><p class=\\\"_Mono\\\">\u00a0<\/p><p class=\\\"_Mono\\\"><span style=\\\"font-weight: 400;\\\">We kindly invite you to Zenner Berlin for the Clubcommission brunch for TAG DER CLUBKULTUR 2022. To register, please fill out the form. Thanks!<\/span><\/p><p class=\\\"_Mono\\\">\u00a0<\/p><p class=\\\"_Mono\\\">Access to the Zenner is via a staircase and is therefore not barrier-free. If this is not possible for you, please contact us and we will try to find a solution: info@tagderclubkultur.berlin<\/p><p class=\\\"_Mono\\\">\u00a0<\/p><p class=\\\"_Mono\\\"><br style=\\\"font-weight: 400;\\\" \/><br style=\\\"font-weight: 400;\\\" \/><br \/><\/p>\",\r\n      \"align\": \"top\",\r\n      \"row\": 1,\r\n      \"col\": 0,\r\n      \"colspan\": 5,\r\n      \"offsetx\": 0,\r\n      \"offsety\": 0,\r\n      \"spaceabove\": 0,\r\n      \"spacebelow\": 0,\r\n      \"yvel\": 1,\r\n      \"push\": 0,\r\n      \"relid\": 43\r\n    },\r\n    {\r\n      \"type\": \"shortcode\",\r\n      \"cont\": \"[ninja_form id=7]\",\r\n      \"align\": \"top\",\r\n      \"row\": 1,\r\n      \"col\": 5,\r\n      \"colspan\": 5,\r\n      \"offsetx\": 0,\r\n      \"offsety\": 0,\r\n      \"spaceabove\": 0,\r\n      \"spacebelow\": 0,\r\n      \"yvel\": 1,\r\n      \"push\": 0,\r\n      \"relid\": 23,\r\n      \"shortcodeid\": 1663841754590,\r\n      \"frameOverflow\": \"\"\r\n    }\r\n  ]\r\n}","phonegrid":"","_links":{"self":[{"href":"https:\/\/2022.tagderclubkultur.berlin\/en\/wp-json\/wp\/v2\/pages\/2059","targetHints":{"allow":["GET"]}}],"collection":[{"href":"https:\/\/2022.tagderclubkultur.berlin\/en\/wp-json\/wp\/v2\/pages"}],"about":[{"href":"https:\/\/2022.tagderclubkultur.berlin\/en\/wp-json\/wp\/v2\/types\/page"}],"author":[{"embeddable":true,"href":"https:\/\/2022.tagderclubkultur.berlin\/en\/wp-json\/wp\/v2\/users\/1"}],"replies":[{"embeddable":true,"href":"https:\/\/2022.tagderclubkultur.berlin\/en\/wp-json\/wp\/v2\/comments?post=2059"}],"version-history":[{"count":0,"href":"https:\/\/2022.tagderclubkultur.berlin\/en\/wp-json\/wp\/v2\/pages\/2059\/revisions"}],"wp:attachment":[{"href":"https:\/\/2022.tagderclubkultur.berlin\/en\/wp-json\/wp\/v2\/media?parent=2059"}],"curies":[{"name":"wp","href":"https:\/\/api.w.org\/{rel}","templated":true}]}}