{"id":843,"date":"2022-07-31T13:23:59","date_gmt":"2020-08-25T19:45:50","guid":{"rendered":"https:\/\/tagderclubkultur.berlin\/bewerbung-2\/"},"modified":"2022-07-31T13:24:20","modified_gmt":"2022-07-31T13:24:20","slug":"faq","status":"publish","type":"page","link":"https:\/\/2022.tagderclubkultur.berlin\/en\/faq\/","title":{"rendered":"FAQs"},"content":{"rendered":"","protected":false},"excerpt":{"rendered":"","protected":false},"author":1,"featured_media":0,"parent":0,"menu_order":10,"comment_status":"closed","ping_status":"closed","template":"","meta":{"inline_featured_image":false},"class_list":["post-843","page","type-page","status-publish","hentry"],"yoast_head":"<!-- This site is optimized with the Yoast SEO plugin v27.2 - https:\/\/yoast.com\/product\/yoast-seo-wordpress\/ -->\n<title>FAQs - TAG DER CLUBKULTUR<\/title>\n<meta name=\"robots\" content=\"index, follow, max-snippet:-1, max-image-preview:large, max-video-preview:-1\" \/>\n<link rel=\"canonical\" href=\"https:\/\/2022.tagderclubkultur.berlin\/en\/faq\/\" \/>\n<meta property=\"og:locale\" content=\"de_DE\" \/>\n<meta property=\"og:type\" content=\"article\" \/>\n<meta property=\"og:title\" content=\"FAQs - TAG DER CLUBKULTUR\" \/>\n<meta property=\"og:url\" content=\"https:\/\/2022.tagderclubkultur.berlin\/en\/faq\/\" \/>\n<meta property=\"og:site_name\" content=\"TAG DER CLUBKULTUR\" \/>\n<meta property=\"article:modified_time\" content=\"2022-07-31T13:24:20+00:00\" \/>\n<meta property=\"og:image\" content=\"https:\/\/2022.tagderclubkultur.berlin\/wp-content\/uploads\/sites\/20\/2021\/07\/210621_TDC_Banner_3-2.jpg\" \/>\n\t<meta property=\"og:image:width\" content=\"1200\" \/>\n\t<meta property=\"og:image:height\" content=\"675\" \/>\n\t<meta property=\"og:image:type\" content=\"image\/jpeg\" \/>\n<meta name=\"twitter:card\" content=\"summary_large_image\" \/>\n<script type=\"application\/ld+json\" class=\"yoast-schema-graph\">{\"@context\":\"https:\/\/schema.org\",\"@graph\":[{\"@type\":\"WebPage\",\"@id\":\"https:\/\/2022.tagderclubkultur.berlin\/en\/faq\/\",\"url\":\"https:\/\/2022.tagderclubkultur.berlin\/en\/faq\/\",\"name\":\"FAQs - TAG DER CLUBKULTUR\",\"isPartOf\":{\"@id\":\"https:\/\/2022.tagderclubkultur.berlin\/en\/#website\"},\"datePublished\":\"2020-08-25T19:45:50+00:00\",\"dateModified\":\"2022-07-31T13:24:20+00:00\",\"breadcrumb\":{\"@id\":\"https:\/\/2022.tagderclubkultur.berlin\/en\/faq\/#breadcrumb\"},\"inLanguage\":\"de\",\"potentialAction\":[{\"@type\":\"ReadAction\",\"target\":[\"https:\/\/2022.tagderclubkultur.berlin\/en\/faq\/\"]}]},{\"@type\":\"BreadcrumbList\",\"@id\":\"https:\/\/2022.tagderclubkultur.berlin\/en\/faq\/#breadcrumb\",\"itemListElement\":[{\"@type\":\"ListItem\",\"position\":1,\"name\":\"Home\",\"item\":\"http:\/\/2022.tagderclubkultur.berlin\/\"},{\"@type\":\"ListItem\",\"position\":2,\"name\":\"FAQs\"}]},{\"@type\":\"WebSite\",\"@id\":\"https:\/\/2022.tagderclubkultur.berlin\/en\/#website\",\"url\":\"https:\/\/2022.tagderclubkultur.berlin\/en\/\",\"name\":\"TAG DER CLUBKULTUR\",\"description\":\"\",\"potentialAction\":[{\"@type\":\"SearchAction\",\"target\":{\"@type\":\"EntryPoint\",\"urlTemplate\":\"https:\/\/2022.tagderclubkultur.berlin\/en\/?s={search_term_string}\"},\"query-input\":{\"@type\":\"PropertyValueSpecification\",\"valueRequired\":true,\"valueName\":\"search_term_string\"}}],\"inLanguage\":\"de\"}]}<\/script>\n<!-- \/ Yoast SEO plugin. -->","yoast_head_json":{"title":"FAQs - TAG DER CLUBKULTUR","robots":{"index":"index","follow":"follow","max-snippet":"max-snippet:-1","max-image-preview":"max-image-preview:large","max-video-preview":"max-video-preview:-1"},"canonical":"https:\/\/2022.tagderclubkultur.berlin\/en\/faq\/","og_locale":"de_DE","og_type":"article","og_title":"FAQs - TAG DER CLUBKULTUR","og_url":"https:\/\/2022.tagderclubkultur.berlin\/en\/faq\/","og_site_name":"TAG DER CLUBKULTUR","article_modified_time":"2022-07-31T13:24:20+00:00","og_image":[{"width":1200,"height":675,"url":"https:\/\/2022.tagderclubkultur.berlin\/wp-content\/uploads\/sites\/20\/2021\/07\/210621_TDC_Banner_3-2.jpg","type":"image\/jpeg"}],"twitter_card":"summary_large_image","schema":{"@context":"https:\/\/schema.org","@graph":[{"@type":"WebPage","@id":"https:\/\/2022.tagderclubkultur.berlin\/en\/faq\/","url":"https:\/\/2022.tagderclubkultur.berlin\/en\/faq\/","name":"FAQs - TAG DER CLUBKULTUR","isPartOf":{"@id":"https:\/\/2022.tagderclubkultur.berlin\/en\/#website"},"datePublished":"2020-08-25T19:45:50+00:00","dateModified":"2022-07-31T13:24:20+00:00","breadcrumb":{"@id":"https:\/\/2022.tagderclubkultur.berlin\/en\/faq\/#breadcrumb"},"inLanguage":"de","potentialAction":[{"@type":"ReadAction","target":["https:\/\/2022.tagderclubkultur.berlin\/en\/faq\/"]}]},{"@type":"BreadcrumbList","@id":"https:\/\/2022.tagderclubkultur.berlin\/en\/faq\/#breadcrumb","itemListElement":[{"@type":"ListItem","position":1,"name":"Home","item":"http:\/\/2022.tagderclubkultur.berlin\/"},{"@type":"ListItem","position":2,"name":"FAQs"}]},{"@type":"WebSite","@id":"https:\/\/2022.tagderclubkultur.berlin\/en\/#website","url":"https:\/\/2022.tagderclubkultur.berlin\/en\/","name":"TAG DER CLUBKULTUR","description":"","potentialAction":[{"@type":"SearchAction","target":{"@type":"EntryPoint","urlTemplate":"https:\/\/2022.tagderclubkultur.berlin\/en\/?s={search_term_string}"},"query-input":{"@type":"PropertyValueSpecification","valueRequired":true,"valueName":"search_term_string"}}],"inLanguage":"de"}]}},"grid":"{\r\n  \"colCount\": 10,\r\n  \"colGutter\": 1,\r\n  \"rowGutters\": [\r\n    5,\r\n    2,\r\n    5,\r\n    5,\r\n    5,\r\n    5,\r\n    5,\r\n    5,\r\n    5,\r\n    5,\r\n    5\r\n  ],\r\n  \"frameMargin\": 1,\r\n  \"topFrameMargin\": 200,\r\n  \"bottomFrameMargin\": 5,\r\n  \"rowAttrs\": [\r\n    {},\r\n    {},\r\n    {},\r\n    {},\r\n    {},\r\n    {},\r\n    {},\r\n    {},\r\n    {},\r\n    {},\r\n    {},\r\n    {}\r\n  ],\r\n  \"bgColor\": null,\r\n  \"cont\": [\r\n    {\r\n      \"type\": \"text\",\r\n      \"cont\": \"<p class=\\\"_BIG\\\"><span style=\\\"color: #ffffff;\\\">FAQs<\/span><\/p>\",\r\n      \"align\": \"top\",\r\n      \"row\": 0,\r\n      \"col\": 0,\r\n      \"colspan\": 5,\r\n      \"offsetx\": 0,\r\n      \"offsety\": 0,\r\n      \"spaceabove\": 0,\r\n      \"spacebelow\": 0,\r\n      \"yvel\": 1,\r\n      \"push\": 0,\r\n      \"relid\": 4\r\n    },\r\n    {\r\n      \"type\": \"text\",\r\n      \"cont\": \"<p class=\\\"_Default\\\"><b>Was ist der TAG DER CLUBKULTUR?<\/b><\/p><p class=\\\"_Mono\\\">Der TAG DER CLUBKULTUR wurde 2020 auf Initiative der Senatsverwaltung f\u00fcr Kultur und Europa sowie dem Musicboard von der Clubcommission ins Leben gerufen und wird auch in diesem Jahr die Vielfalt der Berliner Clubkultur und das besondere Engagement der Szene w\u00fcrdigen. Ein damit verbundener Preis zeichnet insgesamt 40 Clubs und Kollektive der Stadt mit je 10.000 Euro aus. <\/p>\",\r\n      \"align\": \"top\",\r\n      \"row\": 1,\r\n      \"col\": 0,\r\n      \"colspan\": 5,\r\n      \"offsetx\": 0,\r\n      \"offsety\": 0,\r\n      \"spaceabove\": 0,\r\n      \"spacebelow\": 0,\r\n      \"yvel\": 1,\r\n      \"push\": 0,\r\n      \"relid\": 24,\r\n      \"classes\": \"slideout\"\r\n    },\r\n    {\r\n      \"type\": \"text\",\r\n      \"cont\": \"<p>Wie k\u00f6nnen Clubs und Kollektive teilnehmen?<\/p><p class=\\\"_Mono\\\">Auf den Preis im Rahmen des TAGES DER CLUBKULTUR k\u00f6nnen sich alle Berliner Clubs und Kollektive bewerben. Im Vordergrund der diesj\u00e4hrigen Auszeichnung stehen zwei Themenschwerpunkte: Roots &amp; Spaces \u2013 Urspr\u00fcnge &amp; R\u00e4ume der Berliner Clubkultur. Die Einreichung ist im Zeitraum vom 1. bis 15. August online m\u00f6glich.<\/p><p>\u00a0<\/p>\",\r\n      \"align\": \"top\",\r\n      \"row\": 1,\r\n      \"col\": 5,\r\n      \"colspan\": 5,\r\n      \"offsetx\": 0,\r\n      \"offsety\": 0,\r\n      \"spaceabove\": 0,\r\n      \"spacebelow\": 0,\r\n      \"yvel\": 1,\r\n      \"push\": 0,\r\n      \"relid\": 28,\r\n      \"classes\": \"slideout\"\r\n    },\r\n    {\r\n      \"type\": \"text\",\r\n      \"cont\": \"<p>Welche Termine und Fristen sind zu beachten?<\/p><p class=\\\"_Mono\\\">1. August: Beginn der Bewerbungsphase<br \/>15. August: Ende der Bewerbungsphase<br \/>Mitte September: Preisverleihung<br \/>03. - 09. Oktober: TAG DER CLUBKULTUR<\/p><p>\u00a0<\/p><p>\u00a0<\/p><p>M\u00fcssen wir in unserer Bewerbung auf beide Themenschwerpunkte eingehen?<\/p><p class=\\\"_Mono\\\">Beide Themenschwerpunkte sind Bestandteil eurer Bewerbung. Dennoch k\u00f6nnt ihr eines der beiden Themen ausf\u00fchrlicher beantworten und so euren eigenen Schwerpunkt setzen.<\/p>\",\r\n      \"align\": \"top\",\r\n      \"row\": 2,\r\n      \"col\": 0,\r\n      \"colspan\": 5,\r\n      \"offsetx\": 0,\r\n      \"offsety\": 0,\r\n      \"spaceabove\": 0,\r\n      \"spacebelow\": 0,\r\n      \"yvel\": 1,\r\n      \"push\": 0,\r\n      \"relid\": 29,\r\n      \"classes\": \"slideout\"\r\n    },\r\n    {\r\n      \"type\": \"text\",\r\n      \"cont\": \"<p class=\\\"_Default\\\">Wie werden Clubs und Kollektive ausgezeichnet?<\/p><p class=\\\"_Mono\\\">\u00dcber die im Rahmen des TAGES DER CLUBKULTUR verliehenen Preise entscheidet ein unabh\u00e4ngiges f\u00fcnfk\u00f6pfiges Kuratorium, das die Vielfalt der Berliner Clubszene repr\u00e4sentiert. Das <a href=\\\"https:\/\/2022.tagderclubkultur.berlin\/kuratorium\/\\\" data-type=\\\"page\\\" data-id=\\\"96\\\" data-title=\\\"Kuratorium\\\">Kuratorium<\/a> besteht in diesem Jahr aus Christine Kakaire, Lilia van Beukering, Nico Adomako und Prince Emrah. Das 5. Kuratoriumsmitglied wird in K\u00fcrze bekanntgegeben. \u00dcbergeordnete Kriterien werden auch in diesem Jahr werden in die Bewertung der Einreichungen einflie\u00dfen. Hierzu z\u00e4hlen unter anderem das k\u00fcnstlerische und programmatische Profil, die Bedeutung des Clubs oder Kollektivs f\u00fcr die Berliner Clubkultur, Awareness, Diversit\u00e4t und Antidiskriminierung, \u00f6kologische Nachhaltigkeit, Nachwuchsf\u00f6rderung, Beitrag zum internationalen Dialog sowie Solidarit\u00e4t mit Mitarbeitenden und anderen kulturellen Akteur:innen.<\/p>\",\r\n      \"align\": \"top\",\r\n      \"row\": 2,\r\n      \"col\": 5,\r\n      \"colspan\": 5,\r\n      \"offsetx\": 0,\r\n      \"offsety\": 0,\r\n      \"spaceabove\": 0,\r\n      \"spacebelow\": 0,\r\n      \"yvel\": 1,\r\n      \"push\": 0,\r\n      \"relid\": 30,\r\n      \"classes\": \"slideout\"\r\n    },\r\n    {\r\n      \"type\": \"text\",\r\n      \"cont\": \"<p>Welche Programmkriterien gelten f\u00fcr die Veranstaltungen am TAG DER CLUBKULTUR?<\/p><p class=\\\"_Mono\\\">Das Kuratorium legt besonderen Wert auf Diversit\u00e4t und Gleichstellung beim Booking sowie auf gerechte Entlohnung und Unterst\u00fctzung lokaler K\u00fcnstler:innen. F\u00fcr den TAG DER CLUBKULTUR sollen keine Headliner eingeflogen, sondern Residencies und die lokale (Club-)Kulturszene gest\u00e4rkt werden. Erw\u00fcnscht sind daher interdisziplin\u00e4re und intersektionale Programmgestaltungen, diverse und geschlechterparit\u00e4tische Lineups, tragf\u00e4hige Hygiene- und Sicherheitskonzepte sowie \u00dcbersichten zu den empfohlenen Honoraren der beteiligten K\u00fcnstler*innen. (s. Teilnahmebedingungen)<\/p>\",\r\n      \"align\": \"top\",\r\n      \"row\": 3,\r\n      \"col\": 0,\r\n      \"colspan\": 5,\r\n      \"offsetx\": 0,\r\n      \"offsety\": 0,\r\n      \"spaceabove\": 0,\r\n      \"spacebelow\": 0,\r\n      \"yvel\": 1,\r\n      \"push\": 0,\r\n      \"relid\": 31,\r\n      \"classes\": \"slideout\"\r\n    },\r\n    {\r\n      \"type\": \"text\",\r\n      \"cont\": \"<p>Brauchen wir bei der Einreichung unserer Bewerbung eine feste Zusage f\u00fcr eine Location?<\/p><p class=\\\"_Mono\\\">Eine feste Zusage erwarten wir nicht. Allerdings geh\u00f6rt zu einem Konzept auch ein Ort. Deshalb stellt euch vorher die Frage, was ihr tun und wie ihr euch aufstellen wollt. Wenn ihr ernsthafte Probleme habt eine Location zu finden, wendet euch bitte an uns.<\/p>\",\r\n      \"align\": \"top\",\r\n      \"row\": 3,\r\n      \"col\": 5,\r\n      \"colspan\": 5,\r\n      \"offsetx\": 0,\r\n      \"offsety\": 0,\r\n      \"spaceabove\": 0,\r\n      \"spacebelow\": 0,\r\n      \"yvel\": 1,\r\n      \"push\": 0,\r\n      \"relid\": 32,\r\n      \"classes\": \"slideout\"\r\n    },\r\n    {\r\n      \"type\": \"text\",\r\n      \"cont\": \"<p>Falls wir bereits einen Veranstaltungsort f\u00fcr den TAG DER CLUBKULTUR gebucht haben - wird dies bei der Zeitplanung ber\u00fccksichtigt?<\/p><p class=\\\"_Mono\\\">Ja, nat\u00fcrlich! Es ist unser Ziel, eine ganze Woche mit Veranstaltungen zu f\u00fcllen, aber wir nehmen auf eure Verf\u00fcgbarkeiten, Buchungen und geplanten Termine auf jeden Fall R\u00fccksicht.<\/p>\",\r\n      \"align\": \"top\",\r\n      \"row\": 4,\r\n      \"col\": 0,\r\n      \"colspan\": 5,\r\n      \"offsetx\": 0,\r\n      \"offsety\": 0,\r\n      \"spaceabove\": 0,\r\n      \"spacebelow\": 0,\r\n      \"yvel\": 1,\r\n      \"push\": 0,\r\n      \"relid\": 44,\r\n      \"frameOverflow\": \"\"\r\n    },\r\n    {\r\n      \"type\": \"text\",\r\n      \"cont\": \"<p>Soll die Veranstaltung, die im Rahmen des TAGES DER CLUBKULTUR stattfindet, die gesamte Zeit vom 3. bis 9. Oktober andauern?<\/p><p class=\\\"_Mono\\\">Das bleibt euch \u00fcberlassen. Eure Veranstaltung kann an einem dieser Tage stattfinden, aber es ist auch m\u00f6glich, eine Veranstaltung zu organisieren, die l\u00e4nger l\u00e4uft, an verschiedenen Tagen stattfindet oder die gesamte Woche andauert.<\/p>\",\r\n      \"align\": \"top\",\r\n      \"row\": 4,\r\n      \"col\": 5,\r\n      \"colspan\": 5,\r\n      \"offsetx\": 0,\r\n      \"offsety\": 0,\r\n      \"spaceabove\": 0,\r\n      \"spacebelow\": 0,\r\n      \"yvel\": 1,\r\n      \"push\": 0,\r\n      \"relid\": 45,\r\n      \"frameOverflow\": \"\"\r\n    },\r\n    {\r\n      \"type\": \"text\",\r\n      \"cont\": \"<p>K\u00f6nnen sich zwei Kollektive gemeinsam bewerben?<\/p><p class=\\\"_Mono\\\">Ja, das ist m\u00f6glich. Das bedeutet, dass ihr euch im Falle einer Auszeichnung auch das Preisgeld und die Troph\u00e4e teilen m\u00fcsst. Bitte macht in eurer Bewerbung deutlich, warum ihr euch zusammen bewerbt. Professionelle, programmatische und k\u00fcnstlerische Verbindungen zwischen euren Kollektiven, eine gemeinsame Veranstaltungshistorie oder gemeinsame Werte k\u00f6nnen dem Kuratorium helfen, eure gemeinsame Bewerbung besser zu verstehen.<\/p>\",\r\n      \"align\": \"top\",\r\n      \"row\": 5,\r\n      \"col\": 0,\r\n      \"colspan\": 5,\r\n      \"offsetx\": 0,\r\n      \"offsety\": 0,\r\n      \"spaceabove\": 0,\r\n      \"spacebelow\": 0,\r\n      \"yvel\": 1,\r\n      \"push\": 0,\r\n      \"relid\": 26,\r\n      \"classes\": \"slideout\"\r\n    },\r\n    {\r\n      \"type\": \"text\",\r\n      \"cont\": \"<p>Wie setzt sich das Kuratorium zusammen?<\/p><p class=\\\"_Mono\\\">Das Kuratorium f\u00fcr den TAG DER CLUBKULTUR besteht aus f\u00fcnf Personen, die vielf\u00e4ltige Stimmen der Clubkultur repr\u00e4sentieren. Die Mitglieder des Kuratoriums sind:<\/p><p class=\\\"_Mono\\\">\u00a0<\/p><p class=\\\"_Mono\\\">Christine Kakaire (sie\/ihr)<br \/>Kulturjournalistin, Moderatorin, Mitglied im Redaktionsteam des \u201eCTM - Festival for Adventurous Music\u201c in Berlin, Dozentin f\u00fcr Kulturtheorie und popul\u00e4re Musik am BIMM Institute, Leitung Black Creativity Database<\/p><p class=\\\"_Mono\\\">Prince Emrah (sie\/ihr\/er\/ihm)<br \/>professionelle:r Baucht\u00e4nzer:in, Tanztrainer:in, Beauty- und Wellness-Student:in, Visagist:in, DJ, gelegentliche Dragqueen, Mutter von \u201eHouse of Royals\u201c und deren K\u00fcnstlerkollektiv \u201eQueerBerg\u201c, Moderator:in<\/p><p class=\\\"_Mono\\\">Lilia van Beukering (sie\/ihr)<br \/>Kulturmanagerin, Bookerin, DJ, Teil des Projektteams Revier S\u00fcdost, Gr\u00fcnderin von Femme Bass Mafia<\/p><p class=\\\"_Mono\\\">Nico Adomako (er\/ihm) <br \/>transdisziplin\u00e4rer K\u00fcnstler, DJ, Kurator, Programmierer, Mitbegr\u00fcnder des ghanaischen Online-Radiosenders \u201eOROKO RADIO\u201c sowie des Berliner DJ-Kollektivs \u201eEINHUNDERT\u201c<\/p>\",\r\n      \"align\": \"top\",\r\n      \"row\": 5,\r\n      \"col\": 5,\r\n      \"colspan\": 5,\r\n      \"offsetx\": 0,\r\n      \"offsety\": 0,\r\n      \"spaceabove\": 0,\r\n      \"spacebelow\": 0,\r\n      \"yvel\": 1,\r\n      \"push\": 0,\r\n      \"relid\": 27,\r\n      \"classes\": \"slideout\"\r\n    },\r\n    {\r\n      \"type\": \"text\",\r\n      \"cont\": \"<p>Was ist mit Kollektiven, die noch keine Rechtsform haben?<\/p><p class=\\\"_Mono\\\">In erster Linie m\u00fcssen wir nachvollziehen k\u00f6nnen, dass ihr seit bereits mindestens einem Jahr aktiv seid. Gleichzeitig muss erkennbar sein, wer Teil eures Kollektives ist, welche Aktivit\u00e4ten ihr umgesetzt habt und was ihr in Zukunft geplant habt. Die Rechtsform ist zweitrangig. <\/p>\",\r\n      \"align\": \"top\",\r\n      \"row\": 6,\r\n      \"col\": 0,\r\n      \"colspan\": 5,\r\n      \"offsetx\": 0,\r\n      \"offsety\": 0,\r\n      \"spaceabove\": 0,\r\n      \"spacebelow\": 0,\r\n      \"yvel\": 1,\r\n      \"push\": 0,\r\n      \"relid\": 33,\r\n      \"classes\": \"slideout\"\r\n    },\r\n    {\r\n      \"type\": \"text\",\r\n      \"cont\": \"<p>Ist ein Budgetplan f\u00fcr die Veranstaltung zum TAG DER CLUBKULTUR Bestandteil der Einreichung?<\/p><p class=\\\"_Mono\\\">Ein Budgetplan ist nicht zwingend notwendig, hilft dem Kuratorium aber, eure Ans\u00e4tze besser nachzuvollziehen. Trotzdem wird der Budgetplan nicht in die Jury-Entscheidung einflie\u00dfen. Diese ist und bleibt auf der Grundlage von kuratorischen und k\u00fcnstlerischen Grunds\u00e4tzen.<\/p>\",\r\n      \"align\": \"top\",\r\n      \"row\": 6,\r\n      \"col\": 5,\r\n      \"colspan\": 5,\r\n      \"offsetx\": 0,\r\n      \"offsety\": 0,\r\n      \"spaceabove\": 0,\r\n      \"spacebelow\": 0,\r\n      \"yvel\": 1,\r\n      \"push\": 0,\r\n      \"relid\": 34,\r\n      \"classes\": \"slideout\"\r\n    },\r\n    {\r\n      \"type\": \"text\",\r\n      \"cont\": \"<p>Was bedeutet es im Falle einer Auszeichnung Teil der Kommunikation und Dokumentation rund um den TAG DER CLUBKULTUR zu sein?<\/p><p class=\\\"_Mono\\\">Alle ausgezeichneten Kollektive und Clubs sowie die von ihnen geplanten Veranstaltungen werden wir auf den Kommunikationskan\u00e4len des TAGES DER CLUBKULTUR (Website, Instagram, Facebook, Newsletter) vorstellen. Dar\u00fcber hinaus werden von uns beauftragte Fotograf:innen eure Veranstaltung besuchen und wir bitten auch euch darum, eure Veranstaltung mit Fotos zu dokumentieren. Solltet ihr ausgezeichnet werden, informieren wir euch im Detail dar\u00fcber, was wir an Text- und Bildmaterial von euch ben\u00f6tigen<\/p>\",\r\n      \"align\": \"top\",\r\n      \"row\": 7,\r\n      \"col\": 0,\r\n      \"colspan\": 5,\r\n      \"offsetx\": 0,\r\n      \"offsety\": 0,\r\n      \"spaceabove\": 0,\r\n      \"spacebelow\": 0,\r\n      \"yvel\": 1,\r\n      \"push\": 0,\r\n      \"relid\": 35,\r\n      \"classes\": \"slideout\"\r\n    },\r\n    {\r\n      \"type\": \"text\",\r\n      \"cont\": \"<p>Wof\u00fcr kann die Auszeichnung verwendet werden?<\/p><p class=\\\"_Mono\\\">Grunds\u00e4tzlich steht das Geld zur freien Verwendung zur Verf\u00fcgung, ein Verwendungsnachweis ist nicht erforderlich. Eine M\u00f6glichkeit w\u00e4re beispielsweise, das Geld f\u00fcr den Eigenanteil bei m\u00f6glichen, zuk\u00fcnftigen F\u00f6rderprogrammen zu nutzen.<\/p>\",\r\n      \"align\": \"top\",\r\n      \"row\": 7,\r\n      \"col\": 5,\r\n      \"colspan\": 5,\r\n      \"offsetx\": 0,\r\n      \"offsety\": 0,\r\n      \"spaceabove\": 0,\r\n      \"spacebelow\": 0,\r\n      \"yvel\": 1,\r\n      \"push\": 0,\r\n      \"relid\": 36,\r\n      \"classes\": \"slideout\"\r\n    },\r\n    {\r\n      \"type\": \"text\",\r\n      \"cont\": \"<p>Muss das Preisgeld f\u00fcr die Finanzierung des Events am TAG DER CLUBKULTUR genutzt werden?<\/p><p class=\\\"_Mono\\\">Nein, das Preisgeld ist nicht zweckgebunden. Ihr k\u00f6nnt es benutzen, wie ihr wollt.<\/p>\",\r\n      \"align\": \"top\",\r\n      \"row\": 8,\r\n      \"col\": 0,\r\n      \"colspan\": 5,\r\n      \"offsetx\": 0,\r\n      \"offsety\": 0,\r\n      \"spaceabove\": 0,\r\n      \"spacebelow\": 0,\r\n      \"yvel\": 1,\r\n      \"push\": 0,\r\n      \"relid\": 37,\r\n      \"classes\": \"slideout\"\r\n    },\r\n    {\r\n      \"type\": \"text\",\r\n      \"cont\": \"<p>Welche Hygieneregeln sind einzuhalten?<\/p><p class=\\\"_Mono\\\">Aktuell gelten keine besonderen Hygieneregeln aufgrund der Coronapandemie. Diese Situation kann sich allerdings \u00e4ndern. Deshalb solltet ihr so gut wie m\u00f6glich in eurer Veranstaltungsplanung einplanen, dass uns im Herbst eine neue Welle droht. \u00dcber wichtige \u00c4nderungen der Ma\u00dfnahmen zum Infektionsschutz informieren wir euch gegebenenfalls.<\/p>\",\r\n      \"align\": \"top\",\r\n      \"row\": 8,\r\n      \"col\": 5,\r\n      \"colspan\": 5,\r\n      \"offsetx\": 0,\r\n      \"offsety\": 0,\r\n      \"spaceabove\": 0,\r\n      \"spacebelow\": 0,\r\n      \"yvel\": 1,\r\n      \"push\": 0,\r\n      \"relid\": 38,\r\n      \"classes\": \"slideout\"\r\n    },\r\n    {\r\n      \"type\": \"text\",\r\n      \"cont\": \"<p>Soll die Veranstaltung zum TAG DER CLUBKULTUR einen Bezug zu den Themenschwerpunkten der diesj\u00e4hrigen Ausschreibung haben?<\/p><p class=\\\"_Mono\\\">Das Thema bzw. die Ausrichtung deiner Veranstaltung bleibt dir \u00fcberlassen.<\/p>\",\r\n      \"align\": \"top\",\r\n      \"row\": 9,\r\n      \"col\": 0,\r\n      \"colspan\": 5,\r\n      \"offsetx\": 0,\r\n      \"offsety\": 0,\r\n      \"spaceabove\": 0,\r\n      \"spacebelow\": 0,\r\n      \"yvel\": 1,\r\n      \"push\": 0,\r\n      \"relid\": 39,\r\n      \"classes\": \"slideout\"\r\n    },\r\n    {\r\n      \"type\": \"text\",\r\n      \"cont\": \"<p>Kann ich im Rahmen des TAGES DER CLUBKULTUR eine Demo veranstalten?<\/p><p class=\\\"_Mono\\\">Demonstrationen d\u00fcrfen nicht durch \u00f6ffentliche Gelder finanziert werden. Nat\u00fcrlich d\u00fcrft ihr im Rahmen des TAGES DER CLUBKULTUR eine Demo planen, jedoch ist in diesem Fall ein Nachweis notwendig, dass das Preisgeld nicht f\u00fcr die Finanzierung verwendet wird.<\/p>\",\r\n      \"align\": \"top\",\r\n      \"row\": 9,\r\n      \"col\": 5,\r\n      \"colspan\": 5,\r\n      \"offsetx\": 0,\r\n      \"offsety\": 0,\r\n      \"spaceabove\": 0,\r\n      \"spacebelow\": 0,\r\n      \"yvel\": 1,\r\n      \"push\": 0,\r\n      \"relid\": 40,\r\n      \"classes\": \"slideout\"\r\n    },\r\n    {\r\n      \"type\": \"text\",\r\n      \"cont\": \"<p>Wann soll meine Veranstaltung stattfinden?<\/p><p class=\\\"_Mono\\\">W\u00e4hrend in den vergangenen zwei Jahren alle Veranstaltungen am 3. Oktober stattgefunden haben, haben wir uns dieses Jahr dazu entschieden, den TAG DER CLUBKULTUR eine ganze Woche lang vom 3. bis 9. Oktober erfahrbar wird. Wir m\u00f6chten euch dazu ermutigen, den gesamten Zeitraum zu nutzen, damit alle Veranstaltungen gen\u00fcgend Raum und Aufmerksamkeit bekommen. Eure Veranstaltungen k\u00f6nnen an einem oder mehreren Tagen innerhalb der TAG DER CLUBKULTUR Woche vom 3.-9. Oktober 2022 durchgef\u00fchrt werden. Den Zeitplan werden wir gemeinsam mit allen Ausgezeichneten entwickeln und dabei nat\u00fcrlich eure Verf\u00fcgbarkeiten ber\u00fccksichtigen.<\/p>\",\r\n      \"align\": \"top\",\r\n      \"row\": 10,\r\n      \"col\": 0,\r\n      \"colspan\": 5,\r\n      \"offsetx\": 0,\r\n      \"offsety\": 0,\r\n      \"spaceabove\": 0,\r\n      \"spacebelow\": 0,\r\n      \"yvel\": 1,\r\n      \"push\": 0,\r\n      \"relid\": 41,\r\n      \"classes\": \"slideout\"\r\n    },\r\n    {\r\n      \"type\": \"text\",\r\n      \"cont\": \"<p>K\u00f6nnen wir Eintritt verlangen?<\/p><p class=\\\"_Mono\\\">Ihr k\u00f6nnt freien Eintritt zu eurer Veranstaltung bieten oder Tickets im Vorverkauf sowie an der Abendkasse verkaufen. Bitte achtet darauf, dass die Eintrittspreise f\u00fcr eure Veranstaltung je nach Format so gestaltet werden, dass der Zugang zu den Veranstaltungen f\u00fcr m\u00f6glichst viele Menschen m\u00f6glich ist.\u00dcber eure T\u00fcr- und Einlasspolitik sowie bei Bedarf das Ticketing-System, das ihr f\u00fcr die Veranstaltung verwendet, entscheidet ihr selbst. Die Anzahl der Tickets richtet sich nach der Kapazit\u00e4t eurer Location. <\/p>\",\r\n      \"align\": \"top\",\r\n      \"row\": 10,\r\n      \"col\": 5,\r\n      \"colspan\": 5,\r\n      \"offsetx\": 0,\r\n      \"offsety\": 0,\r\n      \"spaceabove\": 0,\r\n      \"spacebelow\": 0,\r\n      \"yvel\": 1,\r\n      \"push\": 0,\r\n      \"relid\": 42,\r\n      \"classes\": \"slideout\"\r\n    },\r\n    {\r\n      \"type\": \"text\",\r\n      \"cont\": \"<p>Was ist, wenn meine Veranstaltung zum TAG DER CLUBKULTUR nicht wie geplant stattfinden kann?<\/p><p class=\\\"_Mono\\\">Sollte die geplante Veranstaltung aufgrund unvorsehbarer Umst\u00e4nde nicht stattfinden k\u00f6nnen, hat dies keinen Einfluss auf eure Auszeichnung. Diese bleibt euch dennoch erhalten.<\/p>\",\r\n      \"align\": \"top\",\r\n      \"row\": 11,\r\n      \"col\": 0,\r\n      \"colspan\": 5,\r\n      \"offsetx\": 0,\r\n      \"offsety\": 0,\r\n      \"spaceabove\": 0,\r\n      \"spacebelow\": 0,\r\n      \"yvel\": 1,\r\n      \"push\": 0,\r\n      \"relid\": 25,\r\n      \"classes\": \"slideout\"\r\n    }\r\n  ]\r\n}","phonegrid":"","_links":{"self":[{"href":"https:\/\/2022.tagderclubkultur.berlin\/en\/wp-json\/wp\/v2\/pages\/843","targetHints":{"allow":["GET"]}}],"collection":[{"href":"https:\/\/2022.tagderclubkultur.berlin\/en\/wp-json\/wp\/v2\/pages"}],"about":[{"href":"https:\/\/2022.tagderclubkultur.berlin\/en\/wp-json\/wp\/v2\/types\/page"}],"author":[{"embeddable":true,"href":"https:\/\/2022.tagderclubkultur.berlin\/en\/wp-json\/wp\/v2\/users\/1"}],"replies":[{"embeddable":true,"href":"https:\/\/2022.tagderclubkultur.berlin\/en\/wp-json\/wp\/v2\/comments?post=843"}],"version-history":[{"count":0,"href":"https:\/\/2022.tagderclubkultur.berlin\/en\/wp-json\/wp\/v2\/pages\/843\/revisions"}],"wp:attachment":[{"href":"https:\/\/2022.tagderclubkultur.berlin\/en\/wp-json\/wp\/v2\/media?parent=843"}],"curies":[{"name":"wp","href":"https:\/\/api.w.org\/{rel}","templated":true}]}}